{"id":5318,"date":"2025-09-12T07:32:43","date_gmt":"2025-09-12T07:32:43","guid":{"rendered":"https:\/\/nsg-nordhorn.com\/?page_id=5318"},"modified":"2025-09-12T07:33:06","modified_gmt":"2025-09-12T07:33:06","slug":"datenschutzerklaerung","status":"publish","type":"page","link":"https:\/\/nsg-nordhorn.com\/index.php\/datenschutzerklaerung\/","title":{"rendered":"Datenschutzerkl\u00e4rung"},"content":{"rendered":"\t\t<div data-elementor-type=\"wp-page\" data-elementor-id=\"5318\" class=\"elementor elementor-5318\">\n\t\t\t\t<div class=\"elementor-element elementor-element-1bebd43 e-flex e-con-boxed e-con e-parent\" data-id=\"1bebd43\" data-element_type=\"container\">\n\t\t\t\t\t<div class=\"e-con-inner\">\n\t\t\t\t<div class=\"elementor-element elementor-element-020ada9 elementor-widget elementor-widget-text-editor\" data-id=\"020ada9\" data-element_type=\"widget\" data-widget_type=\"text-editor.default\">\n\t\t\t\t<div class=\"elementor-widget-container\">\n\t\t\t\t\t\t\t\t\t<h2 data-start=\"954\" data-end=\"978\">1. Verantwortlicher<\/h2><p data-start=\"979\" data-end=\"1116\">Nordhornher Sportsch\u00fctengemeinschaft e.V.<br data-start=\"1020\" data-end=\"1023\" \/>Vertreten durch den 1. Vorsitzenden<br data-start=\"1058\" data-end=\"1061\" \/>Manfred H\u00f6scher<br data-start=\"1076\" data-end=\"1079\" \/>Gablonzerstra\u00dfe 41<br data-start=\"1097\" data-end=\"1100\" \/>48531 Nordhorn<\/p><p data-start=\"1118\" data-end=\"1246\">E-Mail: <a class=\"decorated-link cursor-pointer\" rel=\"noopener\" data-start=\"1126\" data-end=\"1179\">info@nsg-nordhorn.com<\/a><br data-start=\"1179\" data-end=\"1182\" \/>Webseite: <a class=\"decorated-link\" href=\"https:\/\/www.nsg-nordhorn.com\" target=\"_new\" rel=\"noopener\" data-start=\"1192\" data-end=\"1244\">www.nsg-nordhorn.com<\/a><\/p><hr data-start=\"1248\" data-end=\"1251\" \/><h2 data-start=\"1253\" data-end=\"1350\">2. Erhebung und Speicherung personenbezogener Daten sowie Art und Zweck von deren Verwendung<\/h2><h3 data-start=\"1352\" data-end=\"1384\">a) Beim Besuch der Website<\/h3><p data-start=\"1385\" data-end=\"1674\">Beim Aufrufen unserer Website <a class=\"decorated-link\" href=\"https:\/\/www.nsg-nordhorn.com\" target=\"_new\" rel=\"noopener\" data-start=\"1415\" data-end=\"1467\">www.nsg-nordhorn.com<\/a> werden automatisch durch den auf Ihrem Endger\u00e4t eingesetzten Browser Informationen an den Server unserer Website gesendet. Diese Informationen werden tempor\u00e4r in einem Logfile gespeichert. Erfasst werden:<\/p><ul data-start=\"1676\" data-end=\"1954\"><li data-start=\"1676\" data-end=\"1715\"><p data-start=\"1678\" data-end=\"1715\">IP-Adresse des anfragenden Rechners<\/p><\/li><li data-start=\"1716\" data-end=\"1750\"><p data-start=\"1718\" data-end=\"1750\">Datum und Uhrzeit des Zugriffs<\/p><\/li><li data-start=\"1751\" data-end=\"1789\"><p data-start=\"1753\" data-end=\"1789\">Name und URL der abgerufenen Datei<\/p><\/li><li data-start=\"1790\" data-end=\"1849\"><p data-start=\"1792\" data-end=\"1849\">Website, von der aus der Zugriff erfolgt (Referrer-URL)<\/p><\/li><li data-start=\"1850\" data-end=\"1954\"><p data-start=\"1852\" data-end=\"1954\">verwendeter Browser und ggf. das Betriebssystem Ihres Rechners sowie der Name Ihres Access-Providers<\/p><\/li><\/ul><p data-start=\"1956\" data-end=\"2028\">Die genannten Daten werden durch uns zu folgenden Zwecken verarbeitet:<\/p><ul data-start=\"2029\" data-end=\"2256\"><li data-start=\"2029\" data-end=\"2099\"><p data-start=\"2031\" data-end=\"2099\">Gew\u00e4hrleistung eines reibungslosen Verbindungsaufbaus der Website,<\/p><\/li><li data-start=\"2100\" data-end=\"2162\"><p data-start=\"2102\" data-end=\"2162\">Gew\u00e4hrleistung einer komfortablen Nutzung unserer Website,<\/p><\/li><li data-start=\"2163\" data-end=\"2215\"><p data-start=\"2165\" data-end=\"2215\">Auswertung der Systemsicherheit und -stabilit\u00e4t,<\/p><\/li><li data-start=\"2216\" data-end=\"2256\"><p data-start=\"2218\" data-end=\"2256\">zu weiteren administrativen Zwecken.<\/p><\/li><\/ul><p data-start=\"2258\" data-end=\"2337\">Die Rechtsgrundlage f\u00fcr die Datenverarbeitung ist Art. 6 Abs. 1 lit. f DSGVO.<\/p><h3 data-start=\"2339\" data-end=\"2382\">b) Bei Nutzung der Kontaktm\u00f6glichkeit<\/h3><p data-start=\"2383\" data-end=\"2617\">Bei Fragen jeglicher Art bieten wir Ihnen die M\u00f6glichkeit, mit uns per E-Mail Kontakt aufzunehmen. Dabei wird Ihre E-Mail-Adresse sowie die von Ihnen freiwillig \u00fcbermittelten Daten gespeichert, um Ihre Anfrage beantworten zu k\u00f6nnen.<\/p><hr data-start=\"2619\" data-end=\"2622\" \/><h2 data-start=\"2624\" data-end=\"2652\">3. Weitergabe von Daten<\/h2><p data-start=\"2653\" data-end=\"2740\">Eine \u00dcbermittlung Ihrer pers\u00f6nlichen Daten an Dritte findet nicht statt, es sei denn,<\/p><ul data-start=\"2741\" data-end=\"3312\"><li data-start=\"2741\" data-end=\"2827\"><p data-start=\"2743\" data-end=\"2827\">Sie haben nach Art. 6 Abs. 1 lit. a DSGVO Ihre ausdr\u00fcckliche Einwilligung erteilt,<\/p><\/li><li data-start=\"2828\" data-end=\"3096\"><p data-start=\"2830\" data-end=\"3096\">die Weitergabe ist nach Art. 6 Abs. 1 lit. f DSGVO zur Geltendmachung, Aus\u00fcbung oder Verteidigung von Rechtsanspr\u00fcchen erforderlich und es besteht kein Grund zur Annahme, dass Sie ein \u00fcberwiegendes schutzw\u00fcrdiges Interesse an der Nichtweitergabe Ihrer Daten haben,<\/p><\/li><li data-start=\"3097\" data-end=\"3184\"><p data-start=\"3099\" data-end=\"3184\">f\u00fcr den Fall, dass f\u00fcr die Weitergabe eine gesetzliche Verpflichtung besteht, sowie<\/p><\/li><li data-start=\"3185\" data-end=\"3312\"><p data-start=\"3187\" data-end=\"3312\">dies gesetzlich zul\u00e4ssig und nach Art. 6 Abs. 1 lit. b DSGVO f\u00fcr die Abwicklung von Vertragsverh\u00e4ltnissen erforderlich ist.<\/p><\/li><\/ul><hr data-start=\"3314\" data-end=\"3317\" \/><h2 data-start=\"3319\" data-end=\"3334\">4. Cookies<\/h2><p data-start=\"3335\" data-end=\"3455\">Unsere Website verwendet technisch notwendige Cookies. Diese dienen dazu, unsere Website nutzerfreundlicher zu machen.<\/p><hr data-start=\"3457\" data-end=\"3460\" \/><h2 data-start=\"3462\" data-end=\"3487\">5. Betroffenenrechte<\/h2><p data-start=\"3488\" data-end=\"3510\">Sie haben das Recht:<\/p><ul data-start=\"3511\" data-end=\"4174\"><li data-start=\"3511\" data-end=\"3613\"><p data-start=\"3513\" data-end=\"3613\">gem\u00e4\u00df Art. 15 DSGVO Auskunft \u00fcber Ihre von uns verarbeiteten personenbezogenen Daten zu verlangen,<\/p><\/li><li data-start=\"3614\" data-end=\"3768\"><p data-start=\"3616\" data-end=\"3768\">gem\u00e4\u00df Art. 16 DSGVO unverz\u00fcglich die Berichtigung unrichtiger oder Vervollst\u00e4ndigung Ihrer bei uns gespeicherten personenbezogenen Daten zu verlangen,<\/p><\/li><li data-start=\"3769\" data-end=\"3871\"><p data-start=\"3771\" data-end=\"3871\">gem\u00e4\u00df Art. 17 DSGVO die L\u00f6schung Ihrer bei uns gespeicherten personenbezogenen Daten zu verlangen,<\/p><\/li><li data-start=\"3872\" data-end=\"3974\"><p data-start=\"3874\" data-end=\"3974\">gem\u00e4\u00df Art. 18 DSGVO die Einschr\u00e4nkung der Verarbeitung Ihrer personenbezogenen Daten zu verlangen,<\/p><\/li><li data-start=\"3975\" data-end=\"4103\"><p data-start=\"3977\" data-end=\"4103\">gem\u00e4\u00df Art. 20 DSGVO Ihre personenbezogenen Daten in einem strukturierten, g\u00e4ngigen und maschinenlesbaren Format zu erhalten,<\/p><\/li><li data-start=\"4104\" data-end=\"4174\"><p data-start=\"4106\" data-end=\"4174\">gem\u00e4\u00df Art. 77 DSGVO sich bei einer Aufsichtsbeh\u00f6rde zu beschweren.<\/p><\/li><\/ul><hr data-start=\"4176\" data-end=\"4179\" \/><h2 data-start=\"4181\" data-end=\"4203\">6. Widerrufsrecht<\/h2><p data-start=\"4204\" data-end=\"4285\">Sie haben das Recht, eine einmal erteilte Einwilligung jederzeit zu widerrufen.<\/p><hr data-start=\"4287\" data-end=\"4290\" \/><h2 data-start=\"4292\" data-end=\"4315\">7. Datensicherheit<\/h2><p data-start=\"4316\" data-end=\"4402\">Wir verwenden innerhalb des Website-Besuchs das SSL-Verfahren (Secure Socket Layer).<\/p><hr data-start=\"4404\" data-end=\"4407\" \/><h2 data-start=\"4409\" data-end=\"4468\">8. Aktualit\u00e4t und \u00c4nderung dieser Datenschutzerkl\u00e4rung<\/h2><p data-start=\"4469\" data-end=\"4550\">Diese Datenschutzerkl\u00e4rung ist aktuell g\u00fcltig und hat den Stand September 2025.<\/p>\t\t\t\t\t\t\t\t<\/div>\n\t\t\t\t<\/div>\n\t\t\t\t\t<\/div>\n\t\t\t\t<\/div>\n\t\t\t\t<\/div>\n\t\t","protected":false},"excerpt":{"rendered":"<p>1. Verantwortlicher Nordhornher Sportsch\u00fctengemeinschaft e.V.Vertreten durch den 1. VorsitzendenManfred H\u00f6scherGablonzerstra\u00dfe 4148531 Nordhorn E-Mail: info@nsg-nordhorn.comWebseite: www.nsg-nordhorn.com 2. Erhebung und Speicherung personenbezogener Daten sowie Art und Zweck von deren Verwendung a) Beim Besuch der Website Beim Aufrufen unserer Website www.nsg-nordhorn.com werden automatisch durch den auf Ihrem Endger\u00e4t eingesetzten Browser Informationen an den Server unserer Website gesendet. Diese [&hellip;]<\/p>\n","protected":false},"author":1,"featured_media":0,"parent":0,"menu_order":0,"comment_status":"closed","ping_status":"closed","template":"","meta":{"footnotes":""},"class_list":["post-5318","page","type-page","status-publish","hentry"],"_links":{"self":[{"href":"https:\/\/nsg-nordhorn.com\/index.php\/wp-json\/wp\/v2\/pages\/5318","targetHints":{"allow":["GET"]}}],"collection":[{"href":"https:\/\/nsg-nordhorn.com\/index.php\/wp-json\/wp\/v2\/pages"}],"about":[{"href":"https:\/\/nsg-nordhorn.com\/index.php\/wp-json\/wp\/v2\/types\/page"}],"author":[{"embeddable":true,"href":"https:\/\/nsg-nordhorn.com\/index.php\/wp-json\/wp\/v2\/users\/1"}],"replies":[{"embeddable":true,"href":"https:\/\/nsg-nordhorn.com\/index.php\/wp-json\/wp\/v2\/comments?post=5318"}],"version-history":[{"count":4,"href":"https:\/\/nsg-nordhorn.com\/index.php\/wp-json\/wp\/v2\/pages\/5318\/revisions"}],"predecessor-version":[{"id":5322,"href":"https:\/\/nsg-nordhorn.com\/index.php\/wp-json\/wp\/v2\/pages\/5318\/revisions\/5322"}],"wp:attachment":[{"href":"https:\/\/nsg-nordhorn.com\/index.php\/wp-json\/wp\/v2\/media?parent=5318"}],"curies":[{"name":"wp","href":"https:\/\/api.w.org\/{rel}","templated":true}]}}