{"id":5312,"date":"2025-09-12T07:30:23","date_gmt":"2025-09-12T07:30:23","guid":{"rendered":"https:\/\/nsg-nordhorn.com\/?page_id=5312"},"modified":"2025-09-12T07:32:23","modified_gmt":"2025-09-12T07:32:23","slug":"elementor-5312","status":"publish","type":"page","link":"https:\/\/nsg-nordhorn.com\/index.php\/elementor-5312\/","title":{"rendered":"Impressum"},"content":{"rendered":"\t\t<div data-elementor-type=\"wp-page\" data-elementor-id=\"5312\" class=\"elementor elementor-5312\">\n\t\t\t\t<div class=\"elementor-element elementor-element-1dd7f2a e-flex e-con-boxed e-con e-parent\" data-id=\"1dd7f2a\" data-element_type=\"container\">\n\t\t\t\t\t<div class=\"e-con-inner\">\n\t\t\t\t<div class=\"elementor-element elementor-element-9edd153 elementor-widget elementor-widget-heading\" data-id=\"9edd153\" data-element_type=\"widget\" data-widget_type=\"heading.default\">\n\t\t\t\t<div class=\"elementor-widget-container\">\n\t\t\t\t\t<h1 class=\"elementor-heading-title elementor-size-default\">Impressum<\/h1>\t\t\t\t<\/div>\n\t\t\t\t<\/div>\n\t\t\t\t\t<\/div>\n\t\t\t\t<\/div>\n\t\t<div class=\"elementor-element elementor-element-6310775 e-flex e-con-boxed e-con e-parent\" data-id=\"6310775\" data-element_type=\"container\">\n\t\t\t\t\t<div class=\"e-con-inner\">\n\t\t\t\t<div class=\"elementor-element elementor-element-eb8c84a elementor-widget elementor-widget-text-editor\" data-id=\"eb8c84a\" data-element_type=\"widget\" data-widget_type=\"text-editor.default\">\n\t\t\t\t<div class=\"elementor-widget-container\">\n\t\t\t\t\t\t\t\t\t<p data-start=\"347\" data-end=\"374\"><strong data-start=\"347\" data-end=\"372\">Angaben gem\u00e4\u00df \u00a7 5 TMG<\/strong><\/p><p data-start=\"376\" data-end=\"514\">Nordhornher Sportsch\u00fctengemeinschaft e.V.<br data-start=\"417\" data-end=\"420\" \/>Vertreten durch den 1. Vorsitzenden:<br data-start=\"456\" data-end=\"459\" \/>Manfred H\u00f6scher<br data-start=\"474\" data-end=\"477\" \/>Gablonzerstra\u00dfe 41<br data-start=\"495\" data-end=\"498\" \/>48531 Nordhorn<\/p><p data-start=\"516\" data-end=\"671\"><strong data-start=\"516\" data-end=\"527\">Kontakt<\/strong><br data-start=\"527\" data-end=\"530\" \/>Telefon: \u2013<br data-start=\"540\" data-end=\"543\" \/>E-Mail: <a class=\"decorated-link cursor-pointer\" rel=\"noopener\" data-start=\"551\" data-end=\"604\">info@nsg-nordhorn.com<\/a><br data-start=\"604\" data-end=\"607\" \/>Webseite: <a class=\"decorated-link\" href=\"https:\/\/www.nsg-nordhorn.com\" target=\"_new\" rel=\"noopener\" data-start=\"617\" data-end=\"669\">www.nsg-nordhorn.com<\/a><\/p><p data-start=\"673\" data-end=\"803\"><strong data-start=\"673\" data-end=\"692\">Vereinsregister<\/strong><br data-start=\"692\" data-end=\"695\" \/>Eingetragen im Vereinsregister<br data-start=\"725\" data-end=\"728\" \/>Registergericht: Amtsgericht Nordhorn<br data-start=\"765\" data-end=\"768\" \/>Registernummer: [bitte eintragen]<\/p><p data-start=\"805\" data-end=\"918\"><strong data-start=\"805\" data-end=\"860\">Verantwortlich f\u00fcr den Inhalt nach \u00a7 55 Abs. 2 RStV<\/strong><br data-start=\"860\" data-end=\"863\" \/>Manfred H\u00f6scher<br data-start=\"878\" data-end=\"881\" \/>Gablonzerstra\u00dfe 41<br data-start=\"899\" data-end=\"902\" \/>48531 Nordhorn<\/p>\t\t\t\t\t\t\t\t<\/div>\n\t\t\t\t<\/div>\n\t\t\t\t\t<\/div>\n\t\t\t\t<\/div>\n\t\t\t\t<\/div>\n\t\t","protected":false},"excerpt":{"rendered":"<p>Impressum Angaben gem\u00e4\u00df \u00a7 5 TMG Nordhornher Sportsch\u00fctengemeinschaft e.V.Vertreten durch den 1. Vorsitzenden:Manfred H\u00f6scherGablonzerstra\u00dfe 4148531 Nordhorn KontaktTelefon: \u2013E-Mail: info@nsg-nordhorn.comWebseite: www.nsg-nordhorn.com VereinsregisterEingetragen im VereinsregisterRegistergericht: Amtsgericht NordhornRegisternummer: [bitte eintragen] Verantwortlich f\u00fcr den Inhalt nach \u00a7 55 Abs. 2 RStVManfred H\u00f6scherGablonzerstra\u00dfe 4148531 Nordhorn<\/p>\n","protected":false},"author":1,"featured_media":0,"parent":0,"menu_order":0,"comment_status":"closed","ping_status":"closed","template":"","meta":{"footnotes":""},"class_list":["post-5312","page","type-page","status-publish","hentry"],"_links":{"self":[{"href":"https:\/\/nsg-nordhorn.com\/index.php\/wp-json\/wp\/v2\/pages\/5312","targetHints":{"allow":["GET"]}}],"collection":[{"href":"https:\/\/nsg-nordhorn.com\/index.php\/wp-json\/wp\/v2\/pages"}],"about":[{"href":"https:\/\/nsg-nordhorn.com\/index.php\/wp-json\/wp\/v2\/types\/page"}],"author":[{"embeddable":true,"href":"https:\/\/nsg-nordhorn.com\/index.php\/wp-json\/wp\/v2\/users\/1"}],"replies":[{"embeddable":true,"href":"https:\/\/nsg-nordhorn.com\/index.php\/wp-json\/wp\/v2\/comments?post=5312"}],"version-history":[{"count":5,"href":"https:\/\/nsg-nordhorn.com\/index.php\/wp-json\/wp\/v2\/pages\/5312\/revisions"}],"predecessor-version":[{"id":5317,"href":"https:\/\/nsg-nordhorn.com\/index.php\/wp-json\/wp\/v2\/pages\/5312\/revisions\/5317"}],"wp:attachment":[{"href":"https:\/\/nsg-nordhorn.com\/index.php\/wp-json\/wp\/v2\/media?parent=5312"}],"curies":[{"name":"wp","href":"https:\/\/api.w.org\/{rel}","templated":true}]}}