{"id":1036,"date":"2024-09-19T13:04:04","date_gmt":"2024-09-19T13:04:04","guid":{"rendered":"https:\/\/xrival.qodeinteractive.com\/?page_id=1036"},"modified":"2025-08-19T05:21:20","modified_gmt":"2025-08-19T05:21:20","slug":"about-us","status":"publish","type":"page","link":"https:\/\/nsg-nordhorn.com\/index.php\/about-us\/","title":{"rendered":"About Us"},"content":{"rendered":"\t\t<div data-elementor-type=\"wp-page\" data-elementor-id=\"1036\" class=\"elementor elementor-1036\">\n\t\t\t\t<div class=\"elementor-element elementor-element-9b634b7 e-flex e-con-boxed e-con e-parent\" data-id=\"9b634b7\" data-element_type=\"container\">\n\t\t\t\t\t<div class=\"e-con-inner\">\n\t\t\t\t<div class=\"elementor-element elementor-element-676d633 elementor-widget elementor-widget-text-editor\" data-id=\"676d633\" data-element_type=\"widget\" data-widget_type=\"text-editor.default\">\n\t\t\t\t<div class=\"elementor-widget-container\">\n\t\t\t\t\t\t\t\t\t<h4 data-start=\"193\" data-end=\"256\">Willkommen bei der Nordhorner Sportsch\u00fctzengemeinschaft e.V.<\/h4><p data-start=\"258\" data-end=\"727\">Die <strong data-start=\"262\" data-end=\"307\">Nordhorner Sportsch\u00fctzengemeinschaft e.V.<\/strong> ist die Heimat aller Sportsch\u00fctzen in Nordhorn. Seit vielen Jahren pflegen wir die Tradition des Schie\u00dfsports und verbinden sie mit modernen Trainingsmethoden und einem starken Gemeinschaftsgeist.<br data-start=\"504\" data-end=\"507\" \/>Unser Ziel ist es, den Schie\u00dfsport nach den Regeln des <strong data-start=\"562\" data-end=\"596\">Deutschen Sch\u00fctzenbundes (DSB)<\/strong> zu f\u00f6rdern und jedem \u2013 ob Jung oder Alt, mit oder ohne Handicap \u2013 die M\u00f6glichkeit zu geben, diesen faszinierenden Sport auszu\u00fcben.<\/p><hr data-start=\"729\" data-end=\"732\" \/><h4 data-start=\"734\" data-end=\"753\">Was uns ausmacht<\/h4><ul data-start=\"755\" data-end=\"1957\"><li data-start=\"755\" data-end=\"1108\"><p data-start=\"757\" data-end=\"1108\"><strong data-start=\"757\" data-end=\"784\">Vielfalt an Disziplinen<\/strong><br data-start=\"784\" data-end=\"787\" \/>Von <strong data-start=\"793\" data-end=\"810\">Lichtschie\u00dfen<\/strong> f\u00fcr die J\u00fcngsten, \u00fcber <strong data-start=\"834\" data-end=\"854\">Blasrohrschie\u00dfen<\/strong>, <strong data-start=\"856\" data-end=\"870\">Luftgewehr<\/strong> und <strong data-start=\"875\" data-end=\"890\">Luftpistole<\/strong>, bis hin zu <strong data-start=\"903\" data-end=\"947\">Kleinkaliber- und Gro\u00dfkaliberdisziplinen<\/strong> bieten wir ein breites Spektrum an Trainingsm\u00f6glichkeiten.<br data-start=\"1006\" data-end=\"1009\" \/>Die ben\u00f6tigte Ausr\u00fcstung wird vom Verein gestellt, sodass auch Einsteiger sofort loslegen k\u00f6nnen.<\/p><\/li><li data-start=\"1110\" data-end=\"1461\"><p data-start=\"1112\" data-end=\"1461\"><strong data-start=\"1112\" data-end=\"1140\">Inklusion &amp; Gemeinschaft<\/strong><br data-start=\"1140\" data-end=\"1143\" \/>Besonders stolz sind wir auf unsere inklusiven Angebote, wie das <strong data-start=\"1210\" data-end=\"1269\">Schie\u00dfen f\u00fcr Sportlerinnen und Sportler mit Behinderung<\/strong>. So erm\u00f6glichen wir allen Interessierten die aktive Teilnahme am Vereinsleben. Unsere Blindenschie\u00dfgruppe ist ein fester Bestandteil der Gemeinschaft und wurde bereits mehrfach ausgezeichnet.<\/p><\/li><li data-start=\"1463\" data-end=\"1694\"><p data-start=\"1465\" data-end=\"1694\"><strong data-start=\"1465\" data-end=\"1492\">Qualifizierte Betreuung<\/strong><br data-start=\"1492\" data-end=\"1495\" \/>Erfahrene Lizenztrainer und Jugendleiter stehen unseren Mitgliedern zur Seite. Ob Einsteiger, Freizeitsportler oder ambitionierter Wettkampfsch\u00fctze \u2013 wir begleiten jeden auf seinem sportlichen Weg.<\/p><\/li><li data-start=\"1696\" data-end=\"1957\"><p data-start=\"1698\" data-end=\"1957\"><strong data-start=\"1698\" data-end=\"1721\">Tradition &amp; Moderne<\/strong><br data-start=\"1721\" data-end=\"1724\" \/>Neben der sportlichen Leistung spielt bei uns auch die Pflege der Sch\u00fctzentradition und das Miteinander eine gro\u00dfe Rolle. Veranstaltungen, Feiern und Wettbewerbe st\u00e4rken das Vereinsleben und machen uns zu einer echten Gemeinschaft.<\/p><\/li><\/ul><hr data-start=\"1959\" data-end=\"1962\" \/><h4 data-start=\"1964\" data-end=\"1989\">Training &amp; Ausstattung<\/h4><p data-start=\"1991\" data-end=\"2270\">Unser Training findet im <strong data-start=\"2016\" data-end=\"2047\">Schie\u00dfsportzentrum Deegfeld<\/strong> (Deegfelderweg 90, 48531 Nordhorn) statt.<br data-start=\"2089\" data-end=\"2092\" \/>Dort stehen moderne Anlagen f\u00fcr alle Disziplinen zur Verf\u00fcgung. Neue Mitglieder und Interessierte sind herzlich eingeladen, bei einem Probetraining unverbindlich vorbeizuschauen.<\/p><hr data-start=\"2272\" data-end=\"2275\" \/><h4 data-start=\"2277\" data-end=\"2289\">Mitmachen<\/h4><p data-start=\"2291\" data-end=\"2612\">Ob als Nachwuchssch\u00fctze, erfahrener Sportsch\u00fctze oder neugieriger Einsteiger \u2013 bei uns ist jeder willkommen!<br data-start=\"2399\" data-end=\"2402\" \/>Die Nordhorner Sportsch\u00fctzengemeinschaft lebt vom Engagement und der Begeisterung ihrer Mitglieder. Werde Teil unserer Gemeinschaft und erlebe den Schie\u00dfsport in einer freundschaftlichen und offenen Atmosph\u00e4re.<\/p>\t\t\t\t\t\t\t\t<\/div>\n\t\t\t\t<\/div>\n\t\t\t\t\t<\/div>\n\t\t\t\t<\/div>\n\t\t\t\t<\/div>\n\t\t","protected":false},"excerpt":{"rendered":"<p>Willkommen bei der Nordhorner Sportsch\u00fctzengemeinschaft e.V. Die Nordhorner Sportsch\u00fctzengemeinschaft e.V. ist die Heimat aller Sportsch\u00fctzen in Nordhorn. Seit vielen Jahren pflegen wir die Tradition des Schie\u00dfsports und verbinden sie mit modernen Trainingsmethoden und einem starken Gemeinschaftsgeist.Unser Ziel ist es, den Schie\u00dfsport nach den Regeln des Deutschen Sch\u00fctzenbundes (DSB) zu f\u00f6rdern und jedem \u2013 ob Jung [&hellip;]<\/p>\n","protected":false},"author":1,"featured_media":0,"parent":0,"menu_order":0,"comment_status":"closed","ping_status":"closed","template":"page-full-width.php","meta":{"footnotes":""},"class_list":["post-1036","page","type-page","status-publish","hentry"],"_links":{"self":[{"href":"https:\/\/nsg-nordhorn.com\/index.php\/wp-json\/wp\/v2\/pages\/1036","targetHints":{"allow":["GET"]}}],"collection":[{"href":"https:\/\/nsg-nordhorn.com\/index.php\/wp-json\/wp\/v2\/pages"}],"about":[{"href":"https:\/\/nsg-nordhorn.com\/index.php\/wp-json\/wp\/v2\/types\/page"}],"author":[{"embeddable":true,"href":"https:\/\/nsg-nordhorn.com\/index.php\/wp-json\/wp\/v2\/users\/1"}],"replies":[{"embeddable":true,"href":"https:\/\/nsg-nordhorn.com\/index.php\/wp-json\/wp\/v2\/comments?post=1036"}],"version-history":[{"count":3,"href":"https:\/\/nsg-nordhorn.com\/index.php\/wp-json\/wp\/v2\/pages\/1036\/revisions"}],"predecessor-version":[{"id":5263,"href":"https:\/\/nsg-nordhorn.com\/index.php\/wp-json\/wp\/v2\/pages\/1036\/revisions\/5263"}],"wp:attachment":[{"href":"https:\/\/nsg-nordhorn.com\/index.php\/wp-json\/wp\/v2\/media?parent=1036"}],"curies":[{"name":"wp","href":"https:\/\/api.w.org\/{rel}","templated":true}]}}